{"id":1108,"date":"2015-11-13T00:32:14","date_gmt":"2015-11-12T22:32:14","guid":{"rendered":"http:\/\/gurcanirmakgayrimenkul.com.tr\/V2\/?page_id=1108"},"modified":"2016-01-25T02:52:51","modified_gmt":"2016-01-25T00:52:51","slug":"ilan-eklemek-icin-giris-yapmalisiniz","status":"publish","type":"page","link":"https:\/\/gurcanirmakgayrimenkul.com.tr\/V2\/en\/ilan-eklemek-icin-giris-yapmalisiniz\/","title":{"rendered":"(Turkish) \u0130lan Eklemek \u0130\u00e7in Giri\u015f Yapmal\u0131s\u0131n\u0131z..!"},"content":{"rendered":"","protected":false},"excerpt":{"rendered":"","protected":false},"author":1,"featured_media":0,"parent":0,"menu_order":0,"comment_status":"closed","ping_status":"closed","template":"template-login.php","meta":[],"_links":{"self":[{"href":"https:\/\/gurcanirmakgayrimenkul.com.tr\/V2\/en\/wp-json\/wp\/v2\/pages\/1108"}],"collection":[{"href":"https:\/\/gurcanirmakgayrimenkul.com.tr\/V2\/en\/wp-json\/wp\/v2\/pages"}],"about":[{"href":"https:\/\/gurcanirmakgayrimenkul.com.tr\/V2\/en\/wp-json\/wp\/v2\/types\/page"}],"author":[{"embeddable":true,"href":"https:\/\/gurcanirmakgayrimenkul.com.tr\/V2\/en\/wp-json\/wp\/v2\/users\/1"}],"replies":[{"embeddable":true,"href":"https:\/\/gurcanirmakgayrimenkul.com.tr\/V2\/en\/wp-json\/wp\/v2\/comments?post=1108"}],"version-history":[{"count":1,"href":"https:\/\/gurcanirmakgayrimenkul.com.tr\/V2\/en\/wp-json\/wp\/v2\/pages\/1108\/revisions"}],"predecessor-version":[{"id":1109,"href":"https:\/\/gurcanirmakgayrimenkul.com.tr\/V2\/en\/wp-json\/wp\/v2\/pages\/1108\/revisions\/1109"}],"wp:attachment":[{"href":"https:\/\/gurcanirmakgayrimenkul.com.tr\/V2\/en\/wp-json\/wp\/v2\/media?parent=1108"}],"curies":[{"name":"wp","href":"https:\/\/api.w.org\/{rel}","templated":true}]}}